{"id":44443,"date":"2026-02-16T13:44:40","date_gmt":"2026-02-16T11:44:40","guid":{"rendered":"https:\/\/gdoptics.de\/?page_id=44443"},"modified":"2026-02-16T13:45:29","modified_gmt":"2026-02-16T11:45:29","slug":"entwicklungsingenieur-ultraprazisionsfertigung-m-w-d","status":"publish","type":"page","link":"https:\/\/gdoptics.de\/en\/entwicklungsingenieur-ultraprazisionsfertigung-m-w-d\/","title":{"rendered":"Entwicklungsingenieur Ultrapr\u00e4zisionsfertigung (m-w-d)"},"content":{"rendered":"\n<h2  data-animation-delay=\"0\" data-animation-duration=\"1\">\n\t\t\tWir suchen Sie\t<\/h2>\n\t\t<h3>Entwicklungsingenieur Ultrapr\u00e4zisionsfertigung (m-w-d)<\/h3>\n<h5>\u00dcber uns<\/h5>\n<p>GD Optical Competence GmbH ist ein f\u00fchrendes mittelst\u00e4ndisches Unternehmen in der Photonikbranche. Wir spezialisieren uns auf die Entwicklung und Produktion hochpr\u00e4ziser optischer Komponenten und Systeme, die weltweit in der Telekommunikation, Medizintechnik, Automobilindustrie und vielen weiteren Bereichen Anwendung finden. Unser Fokus liegt auf Qualit\u00e4t, Nachhaltigkeit und der kontinuierlichen Weiterentwicklung unserer Technologien.<\/p>\n<h5>Ihre Aufgaben<\/h5>\n<p>Sie gestalten die Neuaufstellung und technologische Weiterentwicklung des Bereichs Werkzeugbau f\u00fcr die Ultrapr\u00e4zisionsfertigung. In einem hochpr\u00e4zisen Umfeld gestalten Sie Prozesse, Bearbeitungsstrategien und Technologien aktiv mit und bringen neue Fertigungsl\u00f6sungen bei anspruchsvollen Anwendungen auch selbst an der Maschine zur Umsetzung.<\/p>\n<ul>\n<li>Technologische Verantwortung f\u00fcr den neu aufgestellten Werkzeugbau im Bereich der Ultrapr\u00e4zisionsfertigung<\/li>\n<li>Entwicklung von Bearbeitungsstrategien f\u00fcr hochpr\u00e4zise optische Oberfl\u00e4chen<\/li>\n<li>Auswahl von Werkstoffen, Werkzeugen, Spannkonzepten und Prozessparametern<\/li>\n<li>CAM-Programmierung komplexer ultrapr\u00e4ziser Bauteile<\/li>\n<li>Eigenst\u00e4ndige Bearbeitung anspruchsvoller Bauteile direkt an Ultrapr\u00e4zisions- und Pr\u00e4zisionsfr\u00e4smaschinen, insbesondere bei Neuentwicklungen und komplexen Anwendungen<\/li>\n<li>Arbeiten an optischen Oberfl\u00e4chen mit h\u00f6chsten Pr\u00e4zisionsanforderungen<\/li>\n<li>Organisation und Priorisierung der Werkzeugbauauftr\u00e4ge<\/li>\n<li>Fachliche F\u00fchrung von zwei Werkzeugmechanikern<\/li>\n<\/ul>\n<p>&nbsp;<\/p>\n<h5>Ihr Profil<\/h5>\n<p><b>Formale Anforderungen:<\/b><\/p>\n<ul>\n<li>Studium Maschinenbau \/ Produktionstechnik o. \u00e4.<\/li>\n<li>Erfahrung mit hochpr\u00e4zisen CNC-\/Ultrapr\u00e4zisionsmaschinen w\u00fcnschenswert<\/li>\n<li>Erfahrung mit CAM-Systemen<\/li>\n<li>Sehr gutes Verst\u00e4ndnis von Zerspanungsprozessen und Pr\u00e4zisionsanforderungen<\/li>\n<\/ul>\n<p><b>Ihre Pers\u00f6nlichkeit:<\/b><\/p>\n<ul>\n<li>Sie sehen sich im Bereich Werkzeugbau als Generalist und beherrschen \u00fcber das CNC-Schleifen hinaus auch das Fr\u00e4sen und Drehen<\/li>\n<li>F\u00e4higkeit, Aufgaben zu strukturieren, Priorit\u00e4ten zu setzen und fachlich anzuleiten<\/li>\n<li>Bereitschaft direkt und offen zu kommunizieren<\/li>\n<li>Freude daran, technologische Verantwortung zu \u00fcbernehmen und bei komplexen Aufgaben selbst praktisch an der Maschine zu arbeiten<\/li>\n<li>Ausdauer, Ehrgeiz und Offenheit f\u00fcr die Arbeitsweise eines kleinen Unternehmens<\/li>\n<li>Sie begeistern sich f\u00fcr anspruchsvolle Werkstoffe und hochpr\u00e4zise Anforderungen und haben Spa\u00df an der Herausforderung, diese zu erreichen<\/li>\n<\/ul>\n<p>&nbsp;<\/p>\n<h5>Was diese Stelle besonders macht<\/h5>\n<ul>\n<li>Technologisch au\u00dfergew\u00f6hnliches Arbeitsumfeld (Ultrapr\u00e4zisionsmaschinen, optische Oberfl\u00e4chen)<\/li>\n<li>Hohe Eigenverantwortung<\/li>\n<li>Arbeiten im Bereich Ultrapr\u00e4zisionsfertigung und optischer Oberfl\u00e4chen &#8211; technologisch anspruchsvolles Umfeld<\/li>\n<li>Sehr anspruchsvolle Einzel- und Kleinserienfertigung &#8211; keine Serienproduktion<\/li>\n<li>Direkter Einfluss auf Produktqualit\u00e4t, Prozesse und technologische Zukunft des Unternehmens<\/li>\n<\/ul>\n<p>&nbsp;<\/p>\n<h5>Wir bieten<\/h5>\n<ul>\n<li><b>Innovatives Umfeld:<\/b> Ein abwechslungsreiches und herausforderndes Arbeitsumfeld in einem zukunftsorientierten Unternehmen mit hoher Innovationskraft.<\/li>\n<li><b>Arbeitsklima:<\/b> Ein modernes und kollegiales Arbeitsumfeld mit flachen Hierarchien und kurzen Entscheidungswegen.<\/li>\n<li><b>Leistungen:<\/b> Attraktives Gehalt, betriebliche Altersvorsorge, Jobrad, betriebliches Vorschlagswesen, Kaffee\/Tee-Flatrate, w\u00f6chentlich frisches Bio-Obst, 30 Tage Urlaub sowie Zusatzurlaub zu besonderen Gelegenheiten<\/li>\n<li><b>Arbeitsplatz:<\/b> Wir fertigen unsere Produkte in unserem neugebauten (2023) Unternehmenssitz; ausgestattet mit modernen Arbeitspl\u00e4tzen, einem energieeffizienten Heiz- und K\u00fchlsystem, sowie Ladestationen f\u00fcr E-Autos, an denen kostenfrei geladen werden kann.<\/li>\n<\/ul>\n<p><strong>Bewerbung<\/strong>: Wir freuen uns auf Ihre aussagekr\u00e4ftige Bewerbung. Bitte senden Sie Ihre Unterlagen per E-Mail an <a title=\"mailto:personal@gdoptics.de\" href=\"mailto:personal@gdoptics.de\">personal@gdoptics.de<\/a>. F\u00fcr telefonische R\u00fcckfragen steht Ihnen Herr Tim Goerss gerne unter 02772-5744-0 zur Verf\u00fcgung.<\/p>\n<figure data-animation-delay=\"0\" data-animation-duration=\"1\" itemscope itemtype=\"https:\/\/schema.org\/ImageObject\">\n\t\t\t\t<img decoding=\"async\" src=\"https:\/\/gdoptics.de\/wp-content\/uploads\/2022\/10\/gdoptics-stellenangebote-teamspirit.png\" alt=\"gdoptics-stellenangebote-teamspirit\" height=\"800\" width=\"1200\" title=\"gdoptics-stellenangebote-teamspirit\" onerror=\"this.style.display='none'\" loading=\"lazy\" \/>\n\t<\/figure>\n\t\t<p>Ein positives und famili\u00e4res Betriebsklima sowie flache Hierarchien und sehr gute Entwicklungsm\u00f6glichkeiten zeichnen unser Unternehmen aus. Bei GD Optics kann sich jeder Mitarbeiter weiterbilden und spezialisieren. Dank unserer hoch qualifizierten Mitarbeiter k\u00f6nnen unsere j\u00fcngeren Kollegen jederzeit auf kompetenten kollegialen Rat zur\u00fcckgreifen.<\/p>\n<p>GD Optics bietet Ihnen das perfekte Umfeld f\u00fcr Ihre Karriere: exzellente, innovative Produkte, internationale Kunden, ein kollegiales Miteinander und die M\u00f6glichkeit eigene Ideen im Rahmen unseres Beteiligungsprogramms Optimax einzubringen.<\/p>\n\t\t<h5>Think small &#8211; think technology<\/h5><p>Mit unserem engagierten Team erreichen wir immer wieder Meilensteine in der Photonik und bieten unseren Kunden innovative und qualitativ hochwertige L\u00f6sungen. In der Photonik-Branche sind wir Experten. Das wissen unsere Industriekunden zu sch\u00e4tzen und setzen unsere Produkte weltweit ein.<\/p>\n<h3  data-animation-delay=\"0\" data-animation-duration=\"1\">\n\t\t\tSie m\u00f6chten sich bewerben?\t<\/h3>\n\t\t<p>Dann richten Sie Ihre aussagefa\u0308higen und vollsta\u0308ndigen Bewerbungsunterlagen, vorzugsweise per E-Mail, mit Angabe des fru\u0308hestmo\u0308glichen Eintrittstermins und Ihren Gehaltsvorstellungen an Herrn Tim Goerss, <strong><a href=\"mailto:personal@gdoptics.de\">personal@gdoptics.de<\/a><\/strong>, oder postalisch an:<\/p>\n\t\t<h5>GD Optical Competence GmbH<\/h5>z. Hd. Herr Tim Goerss<br \/>\nZur Dornheck 24 \u00a0| \u00a035764 Sinn\n\t\t<h5><a href=\"https:\/\/gdoptics.de\/aktuell\/meet-gd-optics-in-china-auf-der-cioe-2021\/\" target=\"_self\">\u00dcber uns<\/a><\/h5><p>GD Optics ist einer der f\u00fchrenden internationalen Anbieter f\u00fcr die Entwicklung und Fertigung von innovativen und hochpr\u00e4zisen optischen Komponenten f\u00fcr Hightech-Anwendungen. Wir bilden die gesamte Prozesskette bis hin zur Produktion und Lieferung der Optiken vollst\u00e4ndig ab.<\/p>\n\t\t<h5><a href=\"https:\/\/gdoptics.de\/aktuell\/meet-gd-optics-in-china-auf-der-cioe-2021\/\" target=\"_self\">Worldwide microlenses solutions<\/a><\/h5>GD Optical Competence GmbH<br \/>\nZur Dornheck 24 \u00a0| \u00a035764 Sinn<br \/>\nTelefon: + 49 2772 5744 &#8211; 0<br \/>\nE-Mail: <a href=\"mailto:info@gdoptics.de\">info@gdoptics.de<\/a>\n\t\t<h5><a href=\"https:\/\/gdoptics.de\/aktuell\/meet-gd-optics-in-china-auf-der-cioe-2021\/\" target=\"_self\">Sonstiges<\/a><\/h5><a href=\"https:\/\/gdoptics.de\/stellenangebote\/\">Stellenangebote<\/a><br \/>\n<a href=\"https:\/\/gdoptics.de\/aus-und-weiterbildung\/\">Aus- und Weiterbildung<\/a><br \/>\n<a href=\"https:\/\/gdoptics.de\/messen\/\">Messen<\/a><br \/>\n<a href=\"https:\/\/gdoptics.de\/downloads\/#zertifikate\">Zertifikate<\/a><br \/>\n<a href=\"https:\/\/gdoptics.de\/downloads\/#whitepaper\">Whitepaper<\/a>\n\t\t<h5><a href=\"https:\/\/gdoptics.de\/aktuell\/meet-gd-optics-in-china-auf-der-cioe-2021\/\" target=\"_self\">Rechtliches<\/a><\/h5><a href=\"https:\/\/gdoptics.de\/kontakt\/\">Kontakt<\/a><a href=\"https:\/\/gdoptics.de\/messen\/\"><br \/>\n<\/a><a href=\"https:\/\/gdoptics.de\/impressum\">Impressum<\/a><a href=\"https:\/\/gdoptics.de\/messen\/\"><br \/>\n<\/a><a href=\"https:\/\/gdoptics.de\/datenschutzerklaerung\/\">Datenschutzerkl\u00e4rung<\/a><a href=\"https:\/\/gdoptics.de\/messen\/\"><br \/>\n<\/a><a href=\"https:\/\/gdoptics.de\/agb\">AGB<\/a>\n\t<p>\u00a9 GD Optical Competence GmbH 2021 | All rights reserved<\/p>\n\n","protected":false},"excerpt":{"rendered":"<p>Wir suchen Sie Entwicklungsingenieur Ultrapr\u00e4zisionsfertigung (m-w-d) \u00dcber uns GD Optical Competence GmbH ist ein f\u00fchrendes mittelst\u00e4ndisches Unternehmen in der Photonikbranche. Wir spezialisieren uns auf die Entwicklung und Produktion hochpr\u00e4ziser optischer Komponenten und Systeme, die weltweit in der Telekommunikation, Medizintechnik, Automobilindustrie und vielen weiteren Bereichen Anwendung finden. Unser Fokus liegt auf Qualit\u00e4t, Nachhaltigkeit und der kontinuierlichen&hellip;<\/p>\n","protected":false},"author":4,"featured_media":0,"parent":0,"menu_order":0,"comment_status":"closed","ping_status":"closed","template":"","meta":{"content-type":"","_monsterinsights_skip_tracking":false,"_monsterinsights_sitenote_active":false,"_monsterinsights_sitenote_note":"","_monsterinsights_sitenote_category":0,"footnotes":""},"class_list":["post-44443","page","type-page","status-publish","hentry"],"yoast_head":"<!-- This site is optimized with the Yoast SEO plugin v27.3 - https:\/\/yoast.com\/product\/yoast-seo-wordpress\/ -->\n<title>GD Optics - Stellenangebote<\/title>\n<meta name=\"description\" content=\"Seit \u00fcber 20 Jahren steht GD Optics f\u00fcr Innovationsgeist und Qualit\u00e4tsbewusstsein. Unsere Mitarbeiter sind unser gr\u00f6\u00dftes Kapital und die wichtigste Basis f\u00fcr unseren Erfolg.\" \/>\n<meta name=\"robots\" content=\"index, follow, max-snippet:-1, max-image-preview:large, max-video-preview:-1\" \/>\n<link rel=\"canonical\" href=\"https:\/\/gdoptics.de\/entwicklungsingenieur-ultraprazisionsfertigung-m-w-d\/\" \/>\n<meta property=\"og:locale\" content=\"en_US\" \/>\n<meta property=\"og:type\" content=\"article\" \/>\n<meta property=\"og:title\" content=\"GD Optics - Stellenangebote\" \/>\n<meta property=\"og:description\" content=\"Seit \u00fcber 20 Jahren steht GD Optics f\u00fcr Innovationsgeist und Qualit\u00e4tsbewusstsein. Unsere Mitarbeiter sind unser gr\u00f6\u00dftes Kapital und die wichtigste Basis f\u00fcr unseren Erfolg.\" \/>\n<meta property=\"og:url\" content=\"https:\/\/gdoptics.de\/entwicklungsingenieur-ultraprazisionsfertigung-m-w-d\/\" \/>\n<meta property=\"og:site_name\" content=\"GD Optics\" \/>\n<meta property=\"article:modified_time\" content=\"2026-02-16T11:45:29+00:00\" \/>\n<meta property=\"og:image\" content=\"https:\/\/gdoptics.de\/wp-content\/uploads\/2022\/10\/gdoptics-stellenangebote-teamspirit.png\" \/>\n<meta name=\"twitter:card\" content=\"summary_large_image\" \/>\n<meta name=\"twitter:label1\" content=\"Est. reading time\" \/>\n\t<meta name=\"twitter:data1\" content=\"4 minutes\" \/>\n<script type=\"application\/ld+json\" class=\"yoast-schema-graph\">{\"@context\":\"https:\\\/\\\/schema.org\",\"@graph\":[{\"@type\":\"WebPage\",\"@id\":\"https:\\\/\\\/gdoptics.de\\\/entwicklungsingenieur-ultraprazisionsfertigung-m-w-d\\\/\",\"url\":\"https:\\\/\\\/gdoptics.de\\\/entwicklungsingenieur-ultraprazisionsfertigung-m-w-d\\\/\",\"name\":\"GD Optics - Stellenangebote\",\"isPartOf\":{\"@id\":\"https:\\\/\\\/gdoptics.de\\\/en\\\/#website\"},\"primaryImageOfPage\":{\"@id\":\"https:\\\/\\\/gdoptics.de\\\/entwicklungsingenieur-ultraprazisionsfertigung-m-w-d\\\/#primaryimage\"},\"image\":{\"@id\":\"https:\\\/\\\/gdoptics.de\\\/entwicklungsingenieur-ultraprazisionsfertigung-m-w-d\\\/#primaryimage\"},\"thumbnailUrl\":\"https:\\\/\\\/gdoptics.de\\\/wp-content\\\/uploads\\\/2022\\\/10\\\/gdoptics-stellenangebote-teamspirit.png\",\"datePublished\":\"2026-02-16T11:44:40+00:00\",\"dateModified\":\"2026-02-16T11:45:29+00:00\",\"description\":\"Seit \u00fcber 20 Jahren steht GD Optics f\u00fcr Innovationsgeist und Qualit\u00e4tsbewusstsein. Unsere Mitarbeiter sind unser gr\u00f6\u00dftes Kapital und die wichtigste Basis f\u00fcr unseren Erfolg.\",\"breadcrumb\":{\"@id\":\"https:\\\/\\\/gdoptics.de\\\/entwicklungsingenieur-ultraprazisionsfertigung-m-w-d\\\/#breadcrumb\"},\"inLanguage\":\"en-US\",\"potentialAction\":[{\"@type\":\"ReadAction\",\"target\":[\"https:\\\/\\\/gdoptics.de\\\/entwicklungsingenieur-ultraprazisionsfertigung-m-w-d\\\/\"]}]},{\"@type\":\"ImageObject\",\"inLanguage\":\"en-US\",\"@id\":\"https:\\\/\\\/gdoptics.de\\\/entwicklungsingenieur-ultraprazisionsfertigung-m-w-d\\\/#primaryimage\",\"url\":\"https:\\\/\\\/gdoptics.de\\\/wp-content\\\/uploads\\\/2022\\\/10\\\/gdoptics-stellenangebote-teamspirit.png\",\"contentUrl\":\"https:\\\/\\\/gdoptics.de\\\/wp-content\\\/uploads\\\/2022\\\/10\\\/gdoptics-stellenangebote-teamspirit.png\"},{\"@type\":\"BreadcrumbList\",\"@id\":\"https:\\\/\\\/gdoptics.de\\\/entwicklungsingenieur-ultraprazisionsfertigung-m-w-d\\\/#breadcrumb\",\"itemListElement\":[{\"@type\":\"ListItem\",\"position\":1,\"name\":\"Startseite\",\"item\":\"https:\\\/\\\/gdoptics.de\\\/en\\\/\"},{\"@type\":\"ListItem\",\"position\":2,\"name\":\"Entwicklungsingenieur Ultrapr\u00e4zisionsfertigung (m-w-d)\"}]},{\"@type\":\"WebSite\",\"@id\":\"https:\\\/\\\/gdoptics.de\\\/en\\\/#website\",\"url\":\"https:\\\/\\\/gdoptics.de\\\/en\\\/\",\"name\":\"GD Optics\",\"description\":\"Worldwide microlenses solutions\",\"potentialAction\":[{\"@type\":\"SearchAction\",\"target\":{\"@type\":\"EntryPoint\",\"urlTemplate\":\"https:\\\/\\\/gdoptics.de\\\/en\\\/?s={search_term_string}\"},\"query-input\":{\"@type\":\"PropertyValueSpecification\",\"valueRequired\":true,\"valueName\":\"search_term_string\"}}],\"inLanguage\":\"en-US\"}]}<\/script>\n<!-- \/ Yoast SEO plugin. -->","yoast_head_json":{"title":"GD Optics - Stellenangebote","description":"Seit \u00fcber 20 Jahren steht GD Optics f\u00fcr Innovationsgeist und Qualit\u00e4tsbewusstsein. Unsere Mitarbeiter sind unser gr\u00f6\u00dftes Kapital und die wichtigste Basis f\u00fcr unseren Erfolg.","robots":{"index":"index","follow":"follow","max-snippet":"max-snippet:-1","max-image-preview":"max-image-preview:large","max-video-preview":"max-video-preview:-1"},"canonical":"https:\/\/gdoptics.de\/entwicklungsingenieur-ultraprazisionsfertigung-m-w-d\/","og_locale":"en_US","og_type":"article","og_title":"GD Optics - Stellenangebote","og_description":"Seit \u00fcber 20 Jahren steht GD Optics f\u00fcr Innovationsgeist und Qualit\u00e4tsbewusstsein. Unsere Mitarbeiter sind unser gr\u00f6\u00dftes Kapital und die wichtigste Basis f\u00fcr unseren Erfolg.","og_url":"https:\/\/gdoptics.de\/entwicklungsingenieur-ultraprazisionsfertigung-m-w-d\/","og_site_name":"GD Optics","article_modified_time":"2026-02-16T11:45:29+00:00","og_image":[{"url":"https:\/\/gdoptics.de\/wp-content\/uploads\/2022\/10\/gdoptics-stellenangebote-teamspirit.png","type":"","width":"","height":""}],"twitter_card":"summary_large_image","twitter_misc":{"Est. reading time":"4 minutes"},"schema":{"@context":"https:\/\/schema.org","@graph":[{"@type":"WebPage","@id":"https:\/\/gdoptics.de\/entwicklungsingenieur-ultraprazisionsfertigung-m-w-d\/","url":"https:\/\/gdoptics.de\/entwicklungsingenieur-ultraprazisionsfertigung-m-w-d\/","name":"GD Optics - Stellenangebote","isPartOf":{"@id":"https:\/\/gdoptics.de\/en\/#website"},"primaryImageOfPage":{"@id":"https:\/\/gdoptics.de\/entwicklungsingenieur-ultraprazisionsfertigung-m-w-d\/#primaryimage"},"image":{"@id":"https:\/\/gdoptics.de\/entwicklungsingenieur-ultraprazisionsfertigung-m-w-d\/#primaryimage"},"thumbnailUrl":"https:\/\/gdoptics.de\/wp-content\/uploads\/2022\/10\/gdoptics-stellenangebote-teamspirit.png","datePublished":"2026-02-16T11:44:40+00:00","dateModified":"2026-02-16T11:45:29+00:00","description":"Seit \u00fcber 20 Jahren steht GD Optics f\u00fcr Innovationsgeist und Qualit\u00e4tsbewusstsein. Unsere Mitarbeiter sind unser gr\u00f6\u00dftes Kapital und die wichtigste Basis f\u00fcr unseren Erfolg.","breadcrumb":{"@id":"https:\/\/gdoptics.de\/entwicklungsingenieur-ultraprazisionsfertigung-m-w-d\/#breadcrumb"},"inLanguage":"en-US","potentialAction":[{"@type":"ReadAction","target":["https:\/\/gdoptics.de\/entwicklungsingenieur-ultraprazisionsfertigung-m-w-d\/"]}]},{"@type":"ImageObject","inLanguage":"en-US","@id":"https:\/\/gdoptics.de\/entwicklungsingenieur-ultraprazisionsfertigung-m-w-d\/#primaryimage","url":"https:\/\/gdoptics.de\/wp-content\/uploads\/2022\/10\/gdoptics-stellenangebote-teamspirit.png","contentUrl":"https:\/\/gdoptics.de\/wp-content\/uploads\/2022\/10\/gdoptics-stellenangebote-teamspirit.png"},{"@type":"BreadcrumbList","@id":"https:\/\/gdoptics.de\/entwicklungsingenieur-ultraprazisionsfertigung-m-w-d\/#breadcrumb","itemListElement":[{"@type":"ListItem","position":1,"name":"Startseite","item":"https:\/\/gdoptics.de\/en\/"},{"@type":"ListItem","position":2,"name":"Entwicklungsingenieur Ultrapr\u00e4zisionsfertigung (m-w-d)"}]},{"@type":"WebSite","@id":"https:\/\/gdoptics.de\/en\/#website","url":"https:\/\/gdoptics.de\/en\/","name":"GD Optics","description":"Worldwide microlenses solutions","potentialAction":[{"@type":"SearchAction","target":{"@type":"EntryPoint","urlTemplate":"https:\/\/gdoptics.de\/en\/?s={search_term_string}"},"query-input":{"@type":"PropertyValueSpecification","valueRequired":true,"valueName":"search_term_string"}}],"inLanguage":"en-US"}]}},"_links":{"self":[{"href":"https:\/\/gdoptics.de\/en\/wp-json\/wp\/v2\/pages\/44443","targetHints":{"allow":["GET"]}}],"collection":[{"href":"https:\/\/gdoptics.de\/en\/wp-json\/wp\/v2\/pages"}],"about":[{"href":"https:\/\/gdoptics.de\/en\/wp-json\/wp\/v2\/types\/page"}],"author":[{"embeddable":true,"href":"https:\/\/gdoptics.de\/en\/wp-json\/wp\/v2\/users\/4"}],"replies":[{"embeddable":true,"href":"https:\/\/gdoptics.de\/en\/wp-json\/wp\/v2\/comments?post=44443"}],"version-history":[{"count":2,"href":"https:\/\/gdoptics.de\/en\/wp-json\/wp\/v2\/pages\/44443\/revisions"}],"predecessor-version":[{"id":44446,"href":"https:\/\/gdoptics.de\/en\/wp-json\/wp\/v2\/pages\/44443\/revisions\/44446"}],"wp:attachment":[{"href":"https:\/\/gdoptics.de\/en\/wp-json\/wp\/v2\/media?parent=44443"}],"curies":[{"name":"wp","href":"https:\/\/api.w.org\/{rel}","templated":true}]}}