{"id":41289,"date":"2021-09-12T21:25:12","date_gmt":"2021-09-12T21:25:12","guid":{"rendered":"https:\/\/gdoptics.de\/imprint\/"},"modified":"2024-09-02T06:24:25","modified_gmt":"2024-09-02T06:24:25","slug":"imprint","status":"publish","type":"page","link":"https:\/\/gdoptics.de\/en\/imprint\/","title":{"rendered":"Imprint"},"content":{"rendered":"\n\n\t\t<h5>Worldwide microlenses solutions<\/h5>\t\n<h2>\n\t\tImprint\n\t<\/h2>\n\t\t<h5>GD Optical Competence GmbH<\/h5>Zur Dornheck 24 \u00a0| \u00a035764 Sinn<br \/>\nTelephone: + 49 2772 5744 &#8211; 0<br \/>\nE-mail:\u00a0<a href=\"mailto:info@gdoptics.de\">info@gdoptics.de<\/a>\n<p>UmSt-Idnr.: DE 177413951<\/p>\n<p>Local Court Wetzlar |\u00a0HRB 4293<\/p>\n\t\t<h5>Managing Director<\/h5><p>Margret Dro\u00df and Gerhard Dro\u00df<\/p>\n\t\t<h5>Concept &#038; Realisation<\/h5>16 Meter GmbH<br \/>\nFull Service Creative Office<br \/>\n40468 D\u00fcsseldorf<br \/>\n<a href=\"https:\/\/16meter.de\/\" target=\"_blank\" rel=\"noopener\">16meter.de<\/a>\n\t\t<h5>Disclaimer<\/h5>\t\n<h2>\n\t\tLegal notice\n\t<\/h2>\n\t\t<h5>Copyright<\/h5><p>All rights reserved. All images, graphics and content, as well as the layout of the entire website, are subject to the copyright of the publisher and third parties. All content is intended for personal information only. All information is provided without guarantee. All trademarks and word marks used, even if not expressly marked as such, are the property of their respective owners.<\/p>\n\t\t<h5>Trademarks and rights of use<\/h5><p>Unless otherwise indicated, all trademarks on this website are protected by trademark law. This website does not grant any licence to use the intellectual property.<\/p>\n\t\t<h5>Liability<\/h5><p>Unless otherwise indicated, all trademarks on this website are protected by trademark law. No licence to use the intellectual property is granted by this website.<\/p>\n\t\t<h5>Images<\/h5><p>The images displayed on our website are either from our own stock or from the online platforms <a href=\"https:\/\/unsplash.com\" target=\"_blank\" rel=\"noopener\">unsplash.com<\/a>, <a href=\"https:\/\/www.pexels.com\/\" target=\"_blank\" rel=\"noopener\">pexels.com<\/a>, <a href=\"https:\/\/www.shutterstock.com\/\" target=\"_blank\" rel=\"noopener\">shutterstock.com<\/a> and <a href=\"https:\/\/www.istockphoto.com\/de\" target=\"_blank\" rel=\"noopener\">istockphoto.com<\/a>.<\/p>\n\t\t<h5><a href=\"https:\/\/gdoptics.de\/aktuell\/meet-gd-optics-in-china-auf-der-cioe-2021\/\" target=\"_self\" rel=\"noopener\">\u00dcber uns<\/a><\/h5><p>GD Optics is one of the leading international suppliers for the development and production of innovative and high-precision optical components for high-tech applications. We fully cover the entire process chain up to the production and packaging of the optics.<\/p>\n\t\t<h5><a href=\"https:\/\/gdoptics.de\/aktuell\/meet-gd-optics-in-china-auf-der-cioe-2021\/\" target=\"_self\" rel=\"noopener\">Worldwide microlenses solutions<\/a><\/h5>GD Optical Competence GmbH<br \/>\nZur Dornheck 24 \u00a0| \u00a035764 Sinn<br \/>\nGermany<br \/>\nTelephone: + 49 2772 5744 &#8211; 0<br \/>\nE-Mail: <a href=\"mailto:info@gdoptics.de\">info@gdoptics.de<\/a>\n\t\t<h5><a href=\"https:\/\/gdoptics.de\/aktuell\/meet-gd-optics-in-china-auf-der-cioe-2021\/\" target=\"_self\" rel=\"noopener\">Other<\/a><\/h5><a href=\"https:\/\/gdoptics.de\/en\/vacancies\/\">Vacancies<\/a><br \/>\n<a href=\"https:\/\/gdoptics.de\/en\/training-and-further-education\/\">Training and further education<\/a><br \/>\n<a href=\"https:\/\/gdoptics.de\/en\/trade-fairs\/\">Trade fairs<\/a>\n\t\t<h5><a href=\"https:\/\/gdoptics.de\/aktuell\/meet-gd-optics-in-china-auf-der-cioe-2021\/\" target=\"_self\" rel=\"noopener\">Legal<\/a><\/h5><a href=\"https:\/\/gdoptics.de\/en\/contact\/\">Contact<\/a><a href=\"https:\/\/gdoptics.de\/messen\/\"><br \/>\n<\/a><a href=\"https:\/\/gdoptics.de\/en\/imprint\/\">Imprint<\/a><a href=\"https:\/\/gdoptics.de\/messen\/\"><br \/>\n<\/a><a href=\"https:\/\/gdoptics.de\/en\/privacy-policy\/\">Privacy policy<\/a><a href=\"https:\/\/gdoptics.de\/messen\/\"><br \/>\n<\/a><a href=\"https:\/\/gdoptics.de\/en\/gtc\/\">General terms and conditions<\/a>\n\t<p>\u00a9 GD Optical Competence GmbH 2021 | All rights reserved<\/p>\n\n","protected":false},"excerpt":{"rendered":"<p>Worldwide microlenses solutions Imprint GD Optical Competence GmbH Zur Dornheck 24 \u00a0| \u00a035764 Sinn Telephone: + 49 2772 5744 &#8211; 0 E-mail:\u00a0info@gdoptics.de UmSt-Idnr.: DE 177413951 Local Court Wetzlar |\u00a0HRB 4293 Managing Director Margret Dro\u00df and Gerhard Dro\u00df Concept &#038; Realisation 16 Meter GmbH Full Service Creative Office 40468 D\u00fcsseldorf 16meter.de Disclaimer Legal notice Copyright All&hellip;<\/p>\n","protected":false},"author":3,"featured_media":0,"parent":0,"menu_order":0,"comment_status":"closed","ping_status":"closed","template":"","meta":{"content-type":"","_monsterinsights_skip_tracking":false,"_monsterinsights_sitenote_active":false,"_monsterinsights_sitenote_note":"","_monsterinsights_sitenote_category":0,"footnotes":""},"class_list":["post-41289","page","type-page","status-publish","hentry"],"yoast_head":"<!-- This site is optimized with the Yoast SEO plugin v27.4 - https:\/\/yoast.com\/product\/yoast-seo-wordpress\/ -->\n<title>Imprint - GD Optics<\/title>\n<meta name=\"robots\" content=\"index, follow, max-snippet:-1, max-image-preview:large, max-video-preview:-1\" \/>\n<link rel=\"canonical\" href=\"https:\/\/gdoptics.de\/en\/imprint\/\" \/>\n<meta property=\"og:locale\" content=\"en_US\" \/>\n<meta property=\"og:type\" content=\"article\" \/>\n<meta property=\"og:title\" content=\"Imprint - GD Optics\" \/>\n<meta property=\"og:description\" content=\"Worldwide microlenses solutions Imprint GD Optical Competence GmbH Zur Dornheck 24 \u00a0| \u00a035764 Sinn Telephone: + 49 2772 5744 &#8211; 0 E-mail:\u00a0info@gdoptics.de UmSt-Idnr.: DE 177413951 Local Court Wetzlar |\u00a0HRB 4293 Managing Director Margret Dro\u00df and Gerhard Dro\u00df Concept &#038; Realisation 16 Meter GmbH Full Service Creative Office 40468 D\u00fcsseldorf 16meter.de Disclaimer Legal notice Copyright All&hellip;\" \/>\n<meta property=\"og:url\" content=\"https:\/\/gdoptics.de\/en\/imprint\/\" \/>\n<meta property=\"og:site_name\" content=\"GD Optics\" \/>\n<meta property=\"article:modified_time\" content=\"2024-09-02T06:24:25+00:00\" \/>\n<meta name=\"twitter:card\" content=\"summary_large_image\" \/>\n<meta name=\"twitter:label1\" content=\"Est. reading time\" \/>\n\t<meta name=\"twitter:data1\" content=\"1 minute\" \/>\n<script type=\"application\/ld+json\" class=\"yoast-schema-graph\">{\"@context\":\"https:\\\/\\\/schema.org\",\"@graph\":[{\"@type\":\"WebPage\",\"@id\":\"https:\\\/\\\/gdoptics.de\\\/en\\\/imprint\\\/\",\"url\":\"https:\\\/\\\/gdoptics.de\\\/en\\\/imprint\\\/\",\"name\":\"Imprint - GD Optics\",\"isPartOf\":{\"@id\":\"https:\\\/\\\/gdoptics.de\\\/en\\\/#website\"},\"datePublished\":\"2021-09-12T21:25:12+00:00\",\"dateModified\":\"2024-09-02T06:24:25+00:00\",\"breadcrumb\":{\"@id\":\"https:\\\/\\\/gdoptics.de\\\/en\\\/imprint\\\/#breadcrumb\"},\"inLanguage\":\"en-US\",\"potentialAction\":[{\"@type\":\"ReadAction\",\"target\":[\"https:\\\/\\\/gdoptics.de\\\/en\\\/imprint\\\/\"]}]},{\"@type\":\"BreadcrumbList\",\"@id\":\"https:\\\/\\\/gdoptics.de\\\/en\\\/imprint\\\/#breadcrumb\",\"itemListElement\":[{\"@type\":\"ListItem\",\"position\":1,\"name\":\"Startseite\",\"item\":\"https:\\\/\\\/gdoptics.de\\\/en\\\/\"},{\"@type\":\"ListItem\",\"position\":2,\"name\":\"Imprint\"}]},{\"@type\":\"WebSite\",\"@id\":\"https:\\\/\\\/gdoptics.de\\\/en\\\/#website\",\"url\":\"https:\\\/\\\/gdoptics.de\\\/en\\\/\",\"name\":\"GD Optics\",\"description\":\"Worldwide microlenses solutions\",\"potentialAction\":[{\"@type\":\"SearchAction\",\"target\":{\"@type\":\"EntryPoint\",\"urlTemplate\":\"https:\\\/\\\/gdoptics.de\\\/en\\\/?s={search_term_string}\"},\"query-input\":{\"@type\":\"PropertyValueSpecification\",\"valueRequired\":true,\"valueName\":\"search_term_string\"}}],\"inLanguage\":\"en-US\"}]}<\/script>\n<!-- \/ Yoast SEO plugin. -->","yoast_head_json":{"title":"Imprint - GD Optics","robots":{"index":"index","follow":"follow","max-snippet":"max-snippet:-1","max-image-preview":"max-image-preview:large","max-video-preview":"max-video-preview:-1"},"canonical":"https:\/\/gdoptics.de\/en\/imprint\/","og_locale":"en_US","og_type":"article","og_title":"Imprint - GD Optics","og_description":"Worldwide microlenses solutions Imprint GD Optical Competence GmbH Zur Dornheck 24 \u00a0| \u00a035764 Sinn Telephone: + 49 2772 5744 &#8211; 0 E-mail:\u00a0info@gdoptics.de UmSt-Idnr.: DE 177413951 Local Court Wetzlar |\u00a0HRB 4293 Managing Director Margret Dro\u00df and Gerhard Dro\u00df Concept &#038; Realisation 16 Meter GmbH Full Service Creative Office 40468 D\u00fcsseldorf 16meter.de Disclaimer Legal notice Copyright All&hellip;","og_url":"https:\/\/gdoptics.de\/en\/imprint\/","og_site_name":"GD Optics","article_modified_time":"2024-09-02T06:24:25+00:00","twitter_card":"summary_large_image","twitter_misc":{"Est. reading time":"1 minute"},"schema":{"@context":"https:\/\/schema.org","@graph":[{"@type":"WebPage","@id":"https:\/\/gdoptics.de\/en\/imprint\/","url":"https:\/\/gdoptics.de\/en\/imprint\/","name":"Imprint - GD Optics","isPartOf":{"@id":"https:\/\/gdoptics.de\/en\/#website"},"datePublished":"2021-09-12T21:25:12+00:00","dateModified":"2024-09-02T06:24:25+00:00","breadcrumb":{"@id":"https:\/\/gdoptics.de\/en\/imprint\/#breadcrumb"},"inLanguage":"en-US","potentialAction":[{"@type":"ReadAction","target":["https:\/\/gdoptics.de\/en\/imprint\/"]}]},{"@type":"BreadcrumbList","@id":"https:\/\/gdoptics.de\/en\/imprint\/#breadcrumb","itemListElement":[{"@type":"ListItem","position":1,"name":"Startseite","item":"https:\/\/gdoptics.de\/en\/"},{"@type":"ListItem","position":2,"name":"Imprint"}]},{"@type":"WebSite","@id":"https:\/\/gdoptics.de\/en\/#website","url":"https:\/\/gdoptics.de\/en\/","name":"GD Optics","description":"Worldwide microlenses solutions","potentialAction":[{"@type":"SearchAction","target":{"@type":"EntryPoint","urlTemplate":"https:\/\/gdoptics.de\/en\/?s={search_term_string}"},"query-input":{"@type":"PropertyValueSpecification","valueRequired":true,"valueName":"search_term_string"}}],"inLanguage":"en-US"}]}},"_links":{"self":[{"href":"https:\/\/gdoptics.de\/en\/wp-json\/wp\/v2\/pages\/41289","targetHints":{"allow":["GET"]}}],"collection":[{"href":"https:\/\/gdoptics.de\/en\/wp-json\/wp\/v2\/pages"}],"about":[{"href":"https:\/\/gdoptics.de\/en\/wp-json\/wp\/v2\/types\/page"}],"author":[{"embeddable":true,"href":"https:\/\/gdoptics.de\/en\/wp-json\/wp\/v2\/users\/3"}],"replies":[{"embeddable":true,"href":"https:\/\/gdoptics.de\/en\/wp-json\/wp\/v2\/comments?post=41289"}],"version-history":[{"count":6,"href":"https:\/\/gdoptics.de\/en\/wp-json\/wp\/v2\/pages\/41289\/revisions"}],"predecessor-version":[{"id":44263,"href":"https:\/\/gdoptics.de\/en\/wp-json\/wp\/v2\/pages\/41289\/revisions\/44263"}],"wp:attachment":[{"href":"https:\/\/gdoptics.de\/en\/wp-json\/wp\/v2\/media?parent=41289"}],"curies":[{"name":"wp","href":"https:\/\/api.w.org\/{rel}","templated":true}]}}